{"id":2468,"date":"2025-07-14T16:04:46","date_gmt":"2025-07-14T13:04:46","guid":{"rendered":"https:\/\/rkeeper.us\/?page_id=2468"},"modified":"2025-07-22T11:59:06","modified_gmt":"2025-07-22T08:59:06","slug":"drive-through","status":"publish","type":"page","link":"https:\/\/ucsrkeeper.fr\/?page_id=2468","title":{"rendered":"Drive-through"},"content":{"rendered":"<h3>Drive-through<\/h3>\n<h2 id=\"Drive-Through:-Speed-Up-Serve-More-Smile-Often-1\"><strong>Le service au volant : Acc\u00e9l\u00e9rer, servir plus, sourire souvent<\/strong><\/h2>\n<h3 id=\"Fast.-Frictionless.-Fully-Integrated.-2\">Rapide. Sans friction. Enti\u00e8rement int\u00e9gr\u00e9.  <\/h3>\n<p>Un drive-in moderne, ce n&rsquo;est pas seulement une fen\u00eatre et un haut-parleur.<br \/>C&rsquo;est un syst\u00e8me bien huil\u00e9 qui relie votre menu, votre cuisine, le paiement et le client &#8211; en quelques secondes.<br \/>Notre <strong>solution Drive-Through<\/strong> vous offre tout ce dont vous avez besoin pour servir plus de voitures, plus rapidement et en commettant moins d&rsquo;erreurs.<\/p>\n<p>De l&rsquo;\u00e9cran au sandwich, rationalisez l&rsquo;ensemble de la cha\u00eene.<\/p>\n<h3 id=\"Built-for-Speed-and-Accuracy-2\"><strong>Con\u00e7u pour la vitesse et la pr\u00e9cision<\/strong><\/h3>\n<p><img fetchpriority=\"high\" decoding=\"async\" style=\"margin: 8px 8px 0px;\" src=\"https:\/\/img.perfectwiki.xyz\/insecure\/resize:fit:400\/aHR0cHM6Ly9zdG9yYWdlLmdvb2dsZWFwaXMuY29tL3BlcmZlY3Rfd2lraS9jMThmZTZmNy03MTRiLTQxMzItYmI1NC0zNTY0ODc3NWVkMGMvNWhqMGlFVlkzaUtwbDRKQ1RhTGsvJUQwJUI4JUQwJUI3JUQwJUJFJUQwJUIxJUQxJTgwJUQwJUIwJUQwJUI2JUQwJUI1JUQwJUJEJUQwJUI4JUQwJUI1XzZmZWI4ZTcwLTdkYWMtNGUyMC1iMTBkLWFiYTdmOTllODczNS5wbmc.webp\" sizes=\"100vw\" srcset=\"https:\/\/img.perfectwiki.xyz\/insecure\/resize:fit:400\/aHR0cHM6Ly9zdG9yYWdlLmdvb2dsZWFwaXMuY29tL3BlcmZlY3Rfd2lraS9jMThmZTZmNy03MTRiLTQxMzItYmI1NC0zNTY0ODc3NWVkMGMvNWhqMGlFVlkzaUtwbDRKQ1RhTGsvJUQwJUI4JUQwJUI3JUQwJUJFJUQwJUIxJUQxJTgwJUQwJUIwJUQwJUI2JUQwJUI1JUQwJUJEJUQwJUI4JUQwJUI1XzZmZWI4ZTcwLTdkYWMtNGUyMC1iMTBkLWFiYTdmOTllODczNS5wbmc.webp 400w, https:\/\/img.perfectwiki.xyz\/insecure\/resize:fit:800\/aHR0cHM6Ly9zdG9yYWdlLmdvb2dsZWFwaXMuY29tL3BlcmZlY3Rfd2lraS9jMThmZTZmNy03MTRiLTQxMzItYmI1NC0zNTY0ODc3NWVkMGMvNWhqMGlFVlkzaUtwbDRKQ1RhTGsvJUQwJUI4JUQwJUI3JUQwJUJFJUQwJUIxJUQxJTgwJUQwJUIwJUQwJUI2JUQwJUI1JUQwJUJEJUQwJUI4JUQwJUI1XzZmZWI4ZTcwLTdkYWMtNGUyMC1iMTBkLWFiYTdmOTllODczNS5wbmc.webp 800w, https:\/\/img.perfectwiki.xyz\/insecure\/resize:fit:1200\/aHR0cHM6Ly9zdG9yYWdlLmdvb2dsZWFwaXMuY29tL3BlcmZlY3Rfd2lraS9jMThmZTZmNy03MTRiLTQxMzItYmI1NC0zNTY0ODc3NWVkMGMvNWhqMGlFVlkzaUtwbDRKQ1RhTGsvJUQwJUI4JUQwJUI3JUQwJUJFJUQwJUIxJUQxJTgwJUQwJUIwJUQwJUI2JUQwJUI1JUQwJUJEJUQwJUI4JUQwJUI1XzZmZWI4ZTcwLTdkYWMtNGUyMC1iMTBkLWFiYTdmOTllODczNS5wbmc.webp 1200w, https:\/\/img.perfectwiki.xyz\/insecure\/aHR0cHM6Ly9zdG9yYWdlLmdvb2dsZWFwaXMuY29tL3BlcmZlY3Rfd2lraS9jMThmZTZmNy03MTRiLTQxMzItYmI1NC0zNTY0ODc3NWVkMGMvNWhqMGlFVlkzaUtwbDRKQ1RhTGsvJUQwJUI4JUQwJUI3JUQwJUJFJUQwJUIxJUQxJTgwJUQwJUIwJUQwJUI2JUQwJUI1JUQwJUJEJUQwJUI4JUQwJUI1XzZmZWI4ZTcwLTdkYWMtNGUyMC1iMTBkLWFiYTdmOTllODczNS5wbmc.webp 1400w\" alt=\"solutions \/ 8 Drive-through  \" width=\"325\" height=\"217\"><\/p>\n<p><strong>Panneaux de commande sans contact<\/strong><br \/>Permettez aux clients de passer des commandes via un \u00e9cran tactile ou vocal, avec une interface utilisateur conviviale &#8211; m\u00eame depuis leur voiture.<\/p>\n<p><strong>Point de vente int\u00e9gr\u00e9 et flux de travail en cuisine<\/strong><br \/>Les commandes apparaissent instantan\u00e9ment dans la file d&rsquo;attente de votre cuisine. Pas de ressaisie. Pas de retard.  <\/p>\n<p><strong>Paiements rapides et flexibles<\/strong><br \/>Acceptez les cartes, les cartes \u00e0 puce, les QR ou les portefeuilles mobiles &#8211; directement \u00e0 la fen\u00eatre.<\/p>\n<p><strong>Re\u00e7us instantan\u00e9s et rappel des commandes<\/strong><br \/>Impression rapide, rappel automatique des commandes pr\u00e9c\u00e9dentes et visibilit\u00e9 totale sur les clients.<\/p>\n<p><strong>Outils de gestion des files d&rsquo;attente<\/strong><br \/>Suivez le nombre de voitures, les temps d&rsquo;attente et optimisez les flux gr\u00e2ce \u00e0 des donn\u00e9es en temps r\u00e9el.<\/p>\n<h3 id=\"Why-It-Works-2\"><strong>Pourquoi \u00e7a marche<\/strong><\/h3>\n<p><img decoding=\"async\" style=\"margin: 8px 8px 0px;\" src=\"https:\/\/img.perfectwiki.xyz\/insecure\/resize:fit:400\/aHR0cHM6Ly9zdG9yYWdlLmdvb2dsZWFwaXMuY29tL3BlcmZlY3Rfd2lraS9jMThmZTZmNy03MTRiLTQxMzItYmI1NC0zNTY0ODc3NWVkMGMvNWhqMGlFVlkzaUtwbDRKQ1RhTGsvJUQwJUI4JUQwJUI3JUQwJUJFJUQwJUIxJUQxJTgwJUQwJUIwJUQwJUI2JUQwJUI1JUQwJUJEJUQwJUI4JUQwJUI1XzkwMjgyODY5LTAwNWUtNDY4OC04MmU3LWIwM2ZkMGRmYjA4ZC5wbmc.webp\" sizes=\"100vw\" srcset=\"https:\/\/img.perfectwiki.xyz\/insecure\/resize:fit:400\/aHR0cHM6Ly9zdG9yYWdlLmdvb2dsZWFwaXMuY29tL3BlcmZlY3Rfd2lraS9jMThmZTZmNy03MTRiLTQxMzItYmI1NC0zNTY0ODc3NWVkMGMvNWhqMGlFVlkzaUtwbDRKQ1RhTGsvJUQwJUI4JUQwJUI3JUQwJUJFJUQwJUIxJUQxJTgwJUQwJUIwJUQwJUI2JUQwJUI1JUQwJUJEJUQwJUI4JUQwJUI1XzkwMjgyODY5LTAwNWUtNDY4OC04MmU3LWIwM2ZkMGRmYjA4ZC5wbmc.webp 400w, https:\/\/img.perfectwiki.xyz\/insecure\/resize:fit:800\/aHR0cHM6Ly9zdG9yYWdlLmdvb2dsZWFwaXMuY29tL3BlcmZlY3Rfd2lraS9jMThmZTZmNy03MTRiLTQxMzItYmI1NC0zNTY0ODc3NWVkMGMvNWhqMGlFVlkzaUtwbDRKQ1RhTGsvJUQwJUI4JUQwJUI3JUQwJUJFJUQwJUIxJUQxJTgwJUQwJUIwJUQwJUI2JUQwJUI1JUQwJUJEJUQwJUI4JUQwJUI1XzkwMjgyODY5LTAwNWUtNDY4OC04MmU3LWIwM2ZkMGRmYjA4ZC5wbmc.webp 800w, https:\/\/img.perfectwiki.xyz\/insecure\/resize:fit:1200\/aHR0cHM6Ly9zdG9yYWdlLmdvb2dsZWFwaXMuY29tL3BlcmZlY3Rfd2lraS9jMThmZTZmNy03MTRiLTQxMzItYmI1NC0zNTY0ODc3NWVkMGMvNWhqMGlFVlkzaUtwbDRKQ1RhTGsvJUQwJUI4JUQwJUI3JUQwJUJFJUQwJUIxJUQxJTgwJUQwJUIwJUQwJUI2JUQwJUI1JUQwJUJEJUQwJUI4JUQwJUI1XzkwMjgyODY5LTAwNWUtNDY4OC04MmU3LWIwM2ZkMGRmYjA4ZC5wbmc.webp 1200w, https:\/\/img.perfectwiki.xyz\/insecure\/aHR0cHM6Ly9zdG9yYWdlLmdvb2dsZWFwaXMuY29tL3BlcmZlY3Rfd2lraS9jMThmZTZmNy03MTRiLTQxMzItYmI1NC0zNTY0ODc3NWVkMGMvNWhqMGlFVlkzaUtwbDRKQ1RhTGsvJUQwJUI4JUQwJUI3JUQwJUJFJUQwJUIxJUQxJTgwJUQwJUIwJUQwJUI2JUQwJUI1JUQwJUJEJUQwJUI4JUQwJUI1XzkwMjgyODY5LTAwNWUtNDY4OC04MmU3LWIwM2ZkMGRmYjA4ZC5wbmc.webp 1400w\" alt=\"solutions \/ 8 Drive-through  \" width=\"417\" height=\"278\"><\/p>\n<p><strong>Servir plus de clients en moins de temps<\/strong><br \/>Une saisie des commandes et un traitement en cuisine plus rapides se traduisent par des files d&rsquo;attente plus courtes et un d\u00e9bit plus \u00e9lev\u00e9.<\/p>\n<p><strong>Moins d&rsquo;erreurs = des clients plus heureux<\/strong><br \/>La commande int\u00e9gr\u00e9e minimise les erreurs de communication &#8211; les commandes sont toujours exactes.<\/p>\n<p><strong>Surveillance en temps r\u00e9el<\/strong><br \/>Obtenez des donn\u00e9es en temps r\u00e9el sur les temps d&rsquo;attente moyens, les d\u00e9poses et les heures de pointe.<\/p>\n<p><strong>Exp\u00e9rience professionnelle<\/strong><br \/>Offrez aux clients l&rsquo;exp\u00e9rience qu&rsquo;ils attendent des marques modernes de restauration rapide &#8211; rapide, fluide, \u00e0 la pointe de la technologie.<\/p>\n<p><img decoding=\"async\" src=\"https:\/\/img.perfectwiki.xyz\/insecure\/resize:fit:400\/aHR0cHM6Ly9zdG9yYWdlLmdvb2dsZWFwaXMuY29tL3BlcmZlY3Rfd2lraS9jMThmZTZmNy03MTRiLTQxMzItYmI1NC0zNTY0ODc3NWVkMGMvNWhqMGlFVlkzaUtwbDRKQ1RhTGsvJUQwJUI4JUQwJUI3JUQwJUJFJUQwJUIxJUQxJTgwJUQwJUIwJUQwJUI2JUQwJUI1JUQwJUJEJUQwJUI4JUQwJUI1Xzc0ZjZlZDk0LTIwZjUtNGYwNS1iOTI5LWEzZGM3ZDExYWRhMC5wbmc.webp\" sizes=\"100vw\" srcset=\"https:\/\/img.perfectwiki.xyz\/insecure\/resize:fit:400\/aHR0cHM6Ly9zdG9yYWdlLmdvb2dsZWFwaXMuY29tL3BlcmZlY3Rfd2lraS9jMThmZTZmNy03MTRiLTQxMzItYmI1NC0zNTY0ODc3NWVkMGMvNWhqMGlFVlkzaUtwbDRKQ1RhTGsvJUQwJUI4JUQwJUI3JUQwJUJFJUQwJUIxJUQxJTgwJUQwJUIwJUQwJUI2JUQwJUI1JUQwJUJEJUQwJUI4JUQwJUI1Xzc0ZjZlZDk0LTIwZjUtNGYwNS1iOTI5LWEzZGM3ZDExYWRhMC5wbmc.webp 400w, https:\/\/img.perfectwiki.xyz\/insecure\/resize:fit:800\/aHR0cHM6Ly9zdG9yYWdlLmdvb2dsZWFwaXMuY29tL3BlcmZlY3Rfd2lraS9jMThmZTZmNy03MTRiLTQxMzItYmI1NC0zNTY0ODc3NWVkMGMvNWhqMGlFVlkzaUtwbDRKQ1RhTGsvJUQwJUI4JUQwJUI3JUQwJUJFJUQwJUIxJUQxJTgwJUQwJUIwJUQwJUI2JUQwJUI1JUQwJUJEJUQwJUI4JUQwJUI1Xzc0ZjZlZDk0LTIwZjUtNGYwNS1iOTI5LWEzZGM3ZDExYWRhMC5wbmc.webp 800w, https:\/\/img.perfectwiki.xyz\/insecure\/resize:fit:1200\/aHR0cHM6Ly9zdG9yYWdlLmdvb2dsZWFwaXMuY29tL3BlcmZlY3Rfd2lraS9jMThmZTZmNy03MTRiLTQxMzItYmI1NC0zNTY0ODc3NWVkMGMvNWhqMGlFVlkzaUtwbDRKQ1RhTGsvJUQwJUI4JUQwJUI3JUQwJUJFJUQwJUIxJUQxJTgwJUQwJUIwJUQwJUI2JUQwJUI1JUQwJUJEJUQwJUI4JUQwJUI1Xzc0ZjZlZDk0LTIwZjUtNGYwNS1iOTI5LWEzZGM3ZDExYWRhMC5wbmc.webp 1200w, https:\/\/img.perfectwiki.xyz\/insecure\/aHR0cHM6Ly9zdG9yYWdlLmdvb2dsZWFwaXMuY29tL3BlcmZlY3Rfd2lraS9jMThmZTZmNy03MTRiLTQxMzItYmI1NC0zNTY0ODc3NWVkMGMvNWhqMGlFVlkzaUtwbDRKQ1RhTGsvJUQwJUI4JUQwJUI3JUQwJUJFJUQwJUIxJUQxJTgwJUQwJUIwJUQwJUI2JUQwJUI1JUQwJUJEJUQwJUI4JUQwJUI1Xzc0ZjZlZDk0LTIwZjUtNGYwNS1iOTI5LWEzZGM3ZDExYWRhMC5wbmc.webp 1400w\" alt=\"solutions \/ 8 Drive-through  \" width=\"232\" height=\"349\"><\/p>\n<h3 id=\"Drive-Through-for-Every-Scale-2\"><strong>Drive-Through pour toutes les \u00e9chelles<\/strong><\/h3>\n<ul>\n<li><strong>Restauration rapide et services de restauration rapide<\/strong>: Comment faire face au rush du midi comme un pro ?<\/li>\n<li><strong>Cha\u00eenes de caf\u00e9<\/strong>: Faites bouger votre file d&rsquo;attente matinale<\/li>\n<li><strong>Restaurants \u00e0 emporter<\/strong>: G\u00e9rer plus d&rsquo;enl\u00e8vements sans chaos<\/li>\n<li><strong>Emplacements sur les autoroutes<\/strong>: Servir les voyageurs en d\u00e9placement &#8211; sans les ralentir<\/li>\n<\/ul>\n<h2 id=\"Turn-Your-Parking-Lot-Into-a-Profit-Machine-1\"><strong>Transformez votre parking en une machine \u00e0 profit<\/strong><\/h2>\n<p>Avec les bons outils, le drive-in devient plus qu&rsquo;une commodit\u00e9 &#8211; il devient votre plus grand canal de vente.<\/p>\n<p>\t\t\t\t\t<a href=\"https:\/\/rkeeper.us\/?page_id=256\"><br \/>\n\t\t\t\t\t\t\t\t\tNous contacter<br \/>\n\t\t\t\t\t<\/a><\/p>\n","protected":false},"excerpt":{"rendered":"<p>Drive-through Le service au volant : Acc\u00e9l\u00e9rer, servir plus, sourire souvent Rapide. Sans friction. Enti\u00e8rement int\u00e9gr\u00e9. Un drive-in moderne, ce n&rsquo;est pas seulement une fen\u00eatre et un haut-parleur.C&rsquo;est un syst\u00e8me bien huil\u00e9 qui relie votre menu, votre cuisine, le paiement et le client &#8211; en quelques secondes.Notre solution Drive-Through vous offre tout ce dont vous [&hellip;]<\/p>\n","protected":false},"author":1,"featured_media":0,"parent":0,"menu_order":0,"comment_status":"closed","ping_status":"closed","template":"","meta":{"footnotes":""},"class_list":["post-2468","page","type-page","status-publish","hentry"],"_links":{"self":[{"href":"https:\/\/ucsrkeeper.fr\/index.php?rest_route=\/wp\/v2\/pages\/2468","targetHints":{"allow":["GET"]}}],"collection":[{"href":"https:\/\/ucsrkeeper.fr\/index.php?rest_route=\/wp\/v2\/pages"}],"about":[{"href":"https:\/\/ucsrkeeper.fr\/index.php?rest_route=\/wp\/v2\/types\/page"}],"author":[{"embeddable":true,"href":"https:\/\/ucsrkeeper.fr\/index.php?rest_route=\/wp\/v2\/users\/1"}],"replies":[{"embeddable":true,"href":"https:\/\/ucsrkeeper.fr\/index.php?rest_route=%2Fwp%2Fv2%2Fcomments&post=2468"}],"version-history":[{"count":5,"href":"https:\/\/ucsrkeeper.fr\/index.php?rest_route=\/wp\/v2\/pages\/2468\/revisions"}],"predecessor-version":[{"id":3628,"href":"https:\/\/ucsrkeeper.fr\/index.php?rest_route=\/wp\/v2\/pages\/2468\/revisions\/3628"}],"wp:attachment":[{"href":"https:\/\/ucsrkeeper.fr\/index.php?rest_route=%2Fwp%2Fv2%2Fmedia&parent=2468"}],"curies":[{"name":"wp","href":"https:\/\/api.w.org\/{rel}","templated":true}]}}