{"id":2080,"date":"2025-06-27T13:23:18","date_gmt":"2025-06-27T10:23:18","guid":{"rendered":"https:\/\/rkeeper.us\/?page_id=2080"},"modified":"2025-07-22T11:52:50","modified_gmt":"2025-07-22T08:52:50","slug":"systeme-de-click-collect","status":"publish","type":"page","link":"https:\/\/ucsrkeeper.fr\/?page_id=2080","title":{"rendered":"Syst\u00e8me de click  collect"},"content":{"rendered":"\t\t<div data-elementor-type=\"wp-page\" data-elementor-id=\"2080\" class=\"elementor elementor-2080 elementor-1937\" data-elementor-post-type=\"page\">\n\t\t\t\t<div class=\"elementor-element elementor-element-27df4ed7 e-flex e-con-boxed e-con e-parent\" data-id=\"27df4ed7\" data-element_type=\"container\" data-e-type=\"container\">\n\t\t\t\t\t<div class=\"e-con-inner\">\n\t\t\t\t<div class=\"elementor-element elementor-element-8e622fb elementor-widget elementor-widget-heading\" data-id=\"8e622fb\" data-element_type=\"widget\" data-e-type=\"widget\" data-widget_type=\"heading.default\">\n\t\t\t\t<div class=\"elementor-widget-container\">\n\t\t\t\t\t<h3 class=\"elementor-heading-title elementor-size-default\">Syst\u00e8me de click  collect<\/h3>\t\t\t\t<\/div>\n\t\t\t\t<\/div>\n\t\t\t\t<div class=\"elementor-element elementor-element-17833098 elementor-widget elementor-widget-text-editor\" data-id=\"17833098\" data-element_type=\"widget\" data-e-type=\"widget\" data-widget_type=\"text-editor.default\">\n\t\t\t\t<div class=\"elementor-widget-container\">\n\t\t\t\t\t\t\t\t\t<h3 id=\"Simplify-Your-Pickup-Orders-with-Click-and-Collect-2\"><strong>Simplifiez vos commandes d&rsquo;enl\u00e8vement avec Click and Collect<\/strong><\/h3><h3 id=\"Seamless-Integration-for-Smoother-Operations-2\">Une int\u00e9gration transparente pour des op\u00e9rations plus fluides<\/h3><p>Dites adieu aux longues files d&rsquo;attente et au d\u00e9sordre des commandes. Avec le <strong>service Click and Collect<\/strong>, vos clients peuvent commander \u00e0 l&rsquo;avance et venir chercher leur commande au moment qui leur convient le mieux, tandis que vous rationalisez le flux de travail de votre cuisine et de votre personnel. <\/p><p>Il est facile \u00e0 mettre en place, facile \u00e0 utiliser et con\u00e7u pour stimuler les ventes et la satisfaction.<\/p><p>Rapide. Flexible. \u00c0 l&rsquo;\u00e9preuve du temps.  <\/p><p><img fetchpriority=\"high\" decoding=\"async\" class=\"alignright\" src=\"https:\/\/img.perfectwiki.xyz\/insecure\/resize:fit:400\/aHR0cHM6Ly9zdG9yYWdlLmdvb2dsZWFwaXMuY29tL3BlcmZlY3Rfd2lraS9jMThmZTZmNy03MTRiLTQxMzItYmI1NC0zNTY0ODc3NWVkMGMvQ2FWOVIwbzVwdkdmamtpRHJ5cjUvJUQwJUI4JUQwJUI3JUQwJUJFJUQwJUIxJUQxJTgwJUQwJUIwJUQwJUI2JUQwJUI1JUQwJUJEJUQwJUI4JUQwJUI1Xzk5ZDUwNTAyLWUxNzMtNGIwZS1hMjU5LTg4YTQ0ZGQyMzA5NC5wbmc.webp\" sizes=\"100vw\" srcset=\"https:\/\/img.perfectwiki.xyz\/insecure\/resize:fit:400\/aHR0cHM6Ly9zdG9yYWdlLmdvb2dsZWFwaXMuY29tL3BlcmZlY3Rfd2lraS9jMThmZTZmNy03MTRiLTQxMzItYmI1NC0zNTY0ODc3NWVkMGMvQ2FWOVIwbzVwdkdmamtpRHJ5cjUvJUQwJUI4JUQwJUI3JUQwJUJFJUQwJUIxJUQxJTgwJUQwJUIwJUQwJUI2JUQwJUI1JUQwJUJEJUQwJUI4JUQwJUI1Xzk5ZDUwNTAyLWUxNzMtNGIwZS1hMjU5LTg4YTQ0ZGQyMzA5NC5wbmc.webp 400w, https:\/\/img.perfectwiki.xyz\/insecure\/resize:fit:800\/aHR0cHM6Ly9zdG9yYWdlLmdvb2dsZWFwaXMuY29tL3BlcmZlY3Rfd2lraS9jMThmZTZmNy03MTRiLTQxMzItYmI1NC0zNTY0ODc3NWVkMGMvQ2FWOVIwbzVwdkdmamtpRHJ5cjUvJUQwJUI4JUQwJUI3JUQwJUJFJUQwJUIxJUQxJTgwJUQwJUIwJUQwJUI2JUQwJUI1JUQwJUJEJUQwJUI4JUQwJUI1Xzk5ZDUwNTAyLWUxNzMtNGIwZS1hMjU5LTg4YTQ0ZGQyMzA5NC5wbmc.webp 800w, https:\/\/img.perfectwiki.xyz\/insecure\/resize:fit:1200\/aHR0cHM6Ly9zdG9yYWdlLmdvb2dsZWFwaXMuY29tL3BlcmZlY3Rfd2lraS9jMThmZTZmNy03MTRiLTQxMzItYmI1NC0zNTY0ODc3NWVkMGMvQ2FWOVIwbzVwdkdmamtpRHJ5cjUvJUQwJUI4JUQwJUI3JUQwJUJFJUQwJUIxJUQxJTgwJUQwJUIwJUQwJUI2JUQwJUI1JUQwJUJEJUQwJUI4JUQwJUI1Xzk5ZDUwNTAyLWUxNzMtNGIwZS1hMjU5LTg4YTQ0ZGQyMzA5NC5wbmc.webp 1200w, https:\/\/img.perfectwiki.xyz\/insecure\/aHR0cHM6Ly9zdG9yYWdlLmdvb2dsZWFwaXMuY29tL3BlcmZlY3Rfd2lraS9jMThmZTZmNy03MTRiLTQxMzItYmI1NC0zNTY0ODc3NWVkMGMvQ2FWOVIwbzVwdkdmamtpRHJ5cjUvJUQwJUI4JUQwJUI3JUQwJUJFJUQwJUIxJUQxJTgwJUQwJUIwJUQwJUI2JUQwJUI1JUQwJUJEJUQwJUI4JUQwJUI1Xzk5ZDUwNTAyLWUxNzMtNGIwZS1hMjU5LTg4YTQ0ZGQyMzA5NC5wbmc.webp 1400w\" alt=\"produits \/ 2 Click and collect\" width=\"386\" height=\"259\"><\/p><h3 id=\"Benefits-of-Click-and-Collect-2\"><strong>Avantages du click and collect<\/strong><\/h3><ul><li><strong>Augmentation du volume des commandes<\/strong><br>Permettez \u00e0 vos clients de passer des commandes \u00e0 tout moment, m\u00eame aux heures de pointe. Plus de commandes, moins d&rsquo;encombrements. <\/li><li><strong>Am\u00e9lioration de la satisfaction des clients<\/strong><br>Pas d&rsquo;attente. Pas de mauvaise communication. Juste un service fluide, rapide et pr\u00e9cis.  <\/li><li><strong>R\u00e9duction des temps d&rsquo;attente<\/strong><br>Gr\u00e2ce aux cr\u00e9neaux d&rsquo;enl\u00e8vement et aux mises \u00e0 jour en temps r\u00e9el, les clients savent exactement quand arriver &#8211; et partir.<\/li><\/ul><h2 id=\"How-It-Works-1\"><strong>Comment \u00e7a fonctionne<\/strong><\/h2><h3 id=\"Benefits-of-Click-and-Collect-2\"><img decoding=\"async\" class=\"alignleft\" style=\"font-size: 16px;\" src=\"https:\/\/img.perfectwiki.xyz\/insecure\/resize:fit:400\/aHR0cHM6Ly9zdG9yYWdlLmdvb2dsZWFwaXMuY29tL3BlcmZlY3Rfd2lraS9jMThmZTZmNy03MTRiLTQxMzItYmI1NC0zNTY0ODc3NWVkMGMvQ2FWOVIwbzVwdkdmamtpRHJ5cjUvJUQwJUI4JUQwJUI3JUQwJUJFJUQwJUIxJUQxJTgwJUQwJUIwJUQwJUI2JUQwJUI1JUQwJUJEJUQwJUI4JUQwJUI1Xzc0MjFiOGVhLWI1Y2MtNDc5ZC1iZDQ5LTUwODc3OGQ0YTVlYi5wbmc.webp\" sizes=\"100vw\" srcset=\"https:\/\/img.perfectwiki.xyz\/insecure\/resize:fit:400\/aHR0cHM6Ly9zdG9yYWdlLmdvb2dsZWFwaXMuY29tL3BlcmZlY3Rfd2lraS9jMThmZTZmNy03MTRiLTQxMzItYmI1NC0zNTY0ODc3NWVkMGMvQ2FWOVIwbzVwdkdmamtpRHJ5cjUvJUQwJUI4JUQwJUI3JUQwJUJFJUQwJUIxJUQxJTgwJUQwJUIwJUQwJUI2JUQwJUI1JUQwJUJEJUQwJUI4JUQwJUI1Xzc0MjFiOGVhLWI1Y2MtNDc5ZC1iZDQ5LTUwODc3OGQ0YTVlYi5wbmc.webp 400w, https:\/\/img.perfectwiki.xyz\/insecure\/resize:fit:800\/aHR0cHM6Ly9zdG9yYWdlLmdvb2dsZWFwaXMuY29tL3BlcmZlY3Rfd2lraS9jMThmZTZmNy03MTRiLTQxMzItYmI1NC0zNTY0ODc3NWVkMGMvQ2FWOVIwbzVwdkdmamtpRHJ5cjUvJUQwJUI4JUQwJUI3JUQwJUJFJUQwJUIxJUQxJTgwJUQwJUIwJUQwJUI2JUQwJUI1JUQwJUJEJUQwJUI4JUQwJUI1Xzc0MjFiOGVhLWI1Y2MtNDc5ZC1iZDQ5LTUwODc3OGQ0YTVlYi5wbmc.webp 800w, https:\/\/img.perfectwiki.xyz\/insecure\/resize:fit:1200\/aHR0cHM6Ly9zdG9yYWdlLmdvb2dsZWFwaXMuY29tL3BlcmZlY3Rfd2lraS9jMThmZTZmNy03MTRiLTQxMzItYmI1NC0zNTY0ODc3NWVkMGMvQ2FWOVIwbzVwdkdmamtpRHJ5cjUvJUQwJUI4JUQwJUI3JUQwJUJFJUQwJUIxJUQxJTgwJUQwJUIwJUQwJUI2JUQwJUI1JUQwJUJEJUQwJUI4JUQwJUI1Xzc0MjFiOGVhLWI1Y2MtNDc5ZC1iZDQ5LTUwODc3OGQ0YTVlYi5wbmc.webp 1200w, https:\/\/img.perfectwiki.xyz\/insecure\/aHR0cHM6Ly9zdG9yYWdlLmdvb2dsZWFwaXMuY29tL3BlcmZlY3Rfd2lraS9jMThmZTZmNy03MTRiLTQxMzItYmI1NC0zNTY0ODc3NWVkMGMvQ2FWOVIwbzVwdkdmamtpRHJ5cjUvJUQwJUI4JUQwJUI3JUQwJUJFJUQwJUIxJUQxJTgwJUQwJUIwJUQwJUI2JUQwJUI1JUQwJUJEJUQwJUI4JUQwJUI1Xzc0MjFiOGVhLWI1Y2MtNDc5ZC1iZDQ5LTUwODc3OGQ0YTVlYi5wbmc.webp 1400w\" alt=\"produits \/ 2 Click and collect\" width=\"404\" height=\"271\"><\/h3><h5><strong>Installation facile<\/strong><\/h5><p>Notre plateforme intuitive s&rsquo;int\u00e8gre \u00e0 votre syst\u00e8me de point de vente existant. Vous serez op\u00e9rationnel en un rien de temps, sans avoir \u00e0 vous soucier de l&rsquo;informatique. <\/p><h5><strong>Commande en continu<\/strong><\/h5><p>Les clients passent commande depuis votre site web, votre application ou votre kiosque. Tout est synchronis\u00e9 instantan\u00e9ment avec votre cuisine. <\/p><h5><strong>Une collecte efficace<\/strong><\/h5><p>Les clients re\u00e7oivent une notification lorsque leur repas est pr\u00eat. Il leur suffit d&rsquo;entrer, de prendre leur commande et de partir. <\/p><h3 id=\"Detailed-Features-of-Click-and-Collect-2\"><strong>Caract\u00e9ristiques d\u00e9taill\u00e9es du click and collect<\/strong><\/h3><h5><strong>Gestion des commandes<\/strong><\/h5><p>Suivez et g\u00e9rez toutes les commandes de ramassage dans un tableau de bord unifi\u00e9. Visualisez, mettez \u00e0 jour et ex\u00e9cutez les commandes sans effort. <\/p><h5><strong>Mises \u00e0 jour en temps r\u00e9el<\/strong><\/h5><h3 id=\"Detailed-Features-of-Click-and-Collect-2\"><img decoding=\"async\" class=\"alignright\" style=\"font-size: 16px; margin: 8px 8px 0px;\" src=\"https:\/\/img.perfectwiki.xyz\/insecure\/resize:fit:400\/aHR0cHM6Ly9zdG9yYWdlLmdvb2dsZWFwaXMuY29tL3BlcmZlY3Rfd2lraS9jMThmZTZmNy03MTRiLTQxMzItYmI1NC0zNTY0ODc3NWVkMGMvQ2FWOVIwbzVwdkdmamtpRHJ5cjUvJUQwJUI4JUQwJUI3JUQwJUJFJUQwJUIxJUQxJTgwJUQwJUIwJUQwJUI2JUQwJUI1JUQwJUJEJUQwJUI4JUQwJUI1XzIyNjhhNTc2LTU3MzQtNDNlYS05MGU2LTQ4ODhjYWY3Mjk5Ny5wbmc.webp\" sizes=\"100vw\" srcset=\"https:\/\/img.perfectwiki.xyz\/insecure\/resize:fit:400\/aHR0cHM6Ly9zdG9yYWdlLmdvb2dsZWFwaXMuY29tL3BlcmZlY3Rfd2lraS9jMThmZTZmNy03MTRiLTQxMzItYmI1NC0zNTY0ODc3NWVkMGMvQ2FWOVIwbzVwdkdmamtpRHJ5cjUvJUQwJUI4JUQwJUI3JUQwJUJFJUQwJUIxJUQxJTgwJUQwJUIwJUQwJUI2JUQwJUI1JUQwJUJEJUQwJUI4JUQwJUI1XzIyNjhhNTc2LTU3MzQtNDNlYS05MGU2LTQ4ODhjYWY3Mjk5Ny5wbmc.webp 400w, https:\/\/img.perfectwiki.xyz\/insecure\/resize:fit:800\/aHR0cHM6Ly9zdG9yYWdlLmdvb2dsZWFwaXMuY29tL3BlcmZlY3Rfd2lraS9jMThmZTZmNy03MTRiLTQxMzItYmI1NC0zNTY0ODc3NWVkMGMvQ2FWOVIwbzVwdkdmamtpRHJ5cjUvJUQwJUI4JUQwJUI3JUQwJUJFJUQwJUIxJUQxJTgwJUQwJUIwJUQwJUI2JUQwJUI1JUQwJUJEJUQwJUI4JUQwJUI1XzIyNjhhNTc2LTU3MzQtNDNlYS05MGU2LTQ4ODhjYWY3Mjk5Ny5wbmc.webp 800w, https:\/\/img.perfectwiki.xyz\/insecure\/resize:fit:1200\/aHR0cHM6Ly9zdG9yYWdlLmdvb2dsZWFwaXMuY29tL3BlcmZlY3Rfd2lraS9jMThmZTZmNy03MTRiLTQxMzItYmI1NC0zNTY0ODc3NWVkMGMvQ2FWOVIwbzVwdkdmamtpRHJ5cjUvJUQwJUI4JUQwJUI3JUQwJUJFJUQwJUIxJUQxJTgwJUQwJUIwJUQwJUI2JUQwJUI1JUQwJUJEJUQwJUI4JUQwJUI1XzIyNjhhNTc2LTU3MzQtNDNlYS05MGU2LTQ4ODhjYWY3Mjk5Ny5wbmc.webp 1200w, https:\/\/img.perfectwiki.xyz\/insecure\/aHR0cHM6Ly9zdG9yYWdlLmdvb2dsZWFwaXMuY29tL3BlcmZlY3Rfd2lraS9jMThmZTZmNy03MTRiLTQxMzItYmI1NC0zNTY0ODc3NWVkMGMvQ2FWOVIwbzVwdkdmamtpRHJ5cjUvJUQwJUI4JUQwJUI3JUQwJUJFJUQwJUIxJUQxJTgwJUQwJUIwJUQwJUI2JUQwJUI1JUQwJUJEJUQwJUI4JUQwJUI1XzIyNjhhNTc2LTU3MzQtNDNlYS05MGU2LTQ4ODhjYWY3Mjk5Ny5wbmc.webp 1400w\" alt=\"produits \/ 2 Click and collect\" width=\"362\" height=\"241\"><\/h3><p>Des notifications d&rsquo;\u00e9tat automatiques tiennent les clients inform\u00e9s &#8211; de \u00ab\u00a0pr\u00e9paration\u00a0\u00bb \u00e0 \u00ab\u00a0pr\u00eat pour l&rsquo;enl\u00e8vement\u00a0\u00bb.<\/p><h5><strong>Emplacements de ramassage personnalisables<\/strong><\/h5><p>Laissez vos clients choisir leur heure d&rsquo;enl\u00e8vement. Contr\u00f4lez le flux des commandes et \u00e9vitez les goulets d&rsquo;\u00e9tranglement aux heures de pointe. <\/p><h5><strong>Solutions de paiement int\u00e9gr\u00e9es<\/strong><\/h5><p>Prise en charge de tous les principaux types de paiement : cartes, paiements mobiles, pr\u00e9paiements &#8211; trait\u00e9s en toute s\u00e9curit\u00e9.<\/p><h5><strong>Pr\u00eat \u00e0 simplifier les op\u00e9rations et \u00e0 augmenter vos revenus ?<\/strong><\/h5><p>Laissez Click and Collect faire le gros du travail &#8211; pendant que vous servez plus de clients, plus efficacement.<\/p>\t\t\t\t\t\t\t\t<\/div>\n\t\t\t\t<\/div>\n\t\t\t\t<div class=\"elementor-element elementor-element-20b48f24 elementor-align-center elementor-mobile-align-center elementor-widget elementor-widget-button\" data-id=\"20b48f24\" data-element_type=\"widget\" data-e-type=\"widget\" data-widget_type=\"button.default\">\n\t\t\t\t<div class=\"elementor-widget-container\">\n\t\t\t\t\t\t\t\t\t<div class=\"elementor-button-wrapper\">\n\t\t\t\t\t<a class=\"elementor-button elementor-button-link elementor-size-sm\" href=\"https:\/\/rkeeper.us\/?page_id=256\">\n\t\t\t\t\t\t<span class=\"elementor-button-content-wrapper\">\n\t\t\t\t\t\t\t\t\t<span class=\"elementor-button-text\">Nous contacter<\/span>\n\t\t\t\t\t<\/span>\n\t\t\t\t\t<\/a>\n\t\t\t\t<\/div>\n\t\t\t\t\t\t\t\t<\/div>\n\t\t\t\t<\/div>\n\t\t\t\t\t<\/div>\n\t\t\t\t<\/div>\n\t\t\t\t<\/div>\n\t\t","protected":false},"excerpt":{"rendered":"<p>Syst\u00e8me de click collect Simplifiez vos commandes d&rsquo;enl\u00e8vement avec Click and Collect Une int\u00e9gration transparente pour des op\u00e9rations plus fluides Dites adieu aux longues files d&rsquo;attente et au d\u00e9sordre des commandes. Avec le service Click and Collect, vos clients peuvent commander \u00e0 l&rsquo;avance et venir chercher leur commande au moment qui leur convient le mieux, [&hellip;]<\/p>\n","protected":false},"author":1,"featured_media":0,"parent":0,"menu_order":0,"comment_status":"closed","ping_status":"closed","template":"","meta":{"footnotes":""},"class_list":["post-2080","page","type-page","status-publish","hentry"],"_links":{"self":[{"href":"https:\/\/ucsrkeeper.fr\/index.php?rest_route=\/wp\/v2\/pages\/2080","targetHints":{"allow":["GET"]}}],"collection":[{"href":"https:\/\/ucsrkeeper.fr\/index.php?rest_route=\/wp\/v2\/pages"}],"about":[{"href":"https:\/\/ucsrkeeper.fr\/index.php?rest_route=\/wp\/v2\/types\/page"}],"author":[{"embeddable":true,"href":"https:\/\/ucsrkeeper.fr\/index.php?rest_route=\/wp\/v2\/users\/1"}],"replies":[{"embeddable":true,"href":"https:\/\/ucsrkeeper.fr\/index.php?rest_route=%2Fwp%2Fv2%2Fcomments&post=2080"}],"version-history":[{"count":6,"href":"https:\/\/ucsrkeeper.fr\/index.php?rest_route=\/wp\/v2\/pages\/2080\/revisions"}],"predecessor-version":[{"id":3587,"href":"https:\/\/ucsrkeeper.fr\/index.php?rest_route=\/wp\/v2\/pages\/2080\/revisions\/3587"}],"wp:attachment":[{"href":"https:\/\/ucsrkeeper.fr\/index.php?rest_route=%2Fwp%2Fv2%2Fmedia&parent=2080"}],"curies":[{"name":"wp","href":"https:\/\/api.w.org\/{rel}","templated":true}]}}