{"id":2054,"date":"2025-06-26T23:52:14","date_gmt":"2025-06-26T20:52:14","guid":{"rendered":"https:\/\/rkeeper.us\/?page_id=2054"},"modified":"2025-07-22T12:09:07","modified_gmt":"2025-07-22T09:09:07","slug":"bornes-libre-service","status":"publish","type":"page","link":"https:\/\/ucsrkeeper.fr\/?page_id=2054","title":{"rendered":"Bornes libre-service"},"content":{"rendered":"\t\t<div data-elementor-type=\"wp-page\" data-elementor-id=\"2054\" class=\"elementor elementor-2054 elementor-1787\" data-elementor-post-type=\"page\">\n\t\t\t\t<div class=\"elementor-element elementor-element-45a7e7ff e-flex e-con-boxed e-con e-parent\" data-id=\"45a7e7ff\" data-element_type=\"container\" data-e-type=\"container\">\n\t\t\t\t\t<div class=\"e-con-inner\">\n\t\t\t\t<div class=\"elementor-element elementor-element-7639dded elementor-widget elementor-widget-heading\" data-id=\"7639dded\" data-element_type=\"widget\" data-e-type=\"widget\" data-widget_type=\"heading.default\">\n\t\t\t\t<div class=\"elementor-widget-container\">\n\t\t\t\t\t<h3 class=\"elementor-heading-title elementor-size-default\">Bornes libre-service<\/h3>\t\t\t\t<\/div>\n\t\t\t\t<\/div>\n\t\t\t\t<div class=\"elementor-element elementor-element-60686d3 elementor-widget elementor-widget-text-editor\" data-id=\"60686d3\" data-element_type=\"widget\" data-e-type=\"widget\" data-widget_type=\"text-editor.default\">\n\t\t\t\t<div class=\"elementor-widget-container\">\n\t\t\t\t\t\t\t\t\t<h2 id=\"Empower-your-fast-food-experience-with-r_keeper-kiosks-1\"><strong>Optimisez votre exp\u00e9rience de restauration rapide avec les bornes r_keeper<\/strong><\/h2><figure class=\"image image-style-align-left image_resized\"><img fetchpriority=\"high\" decoding=\"async\" class=\"alignright\" src=\"https:\/\/img.perfectwiki.xyz\/insecure\/resize:fit:400\/aHR0cHM6Ly9zdG9yYWdlLmdvb2dsZWFwaXMuY29tL3BlcmZlY3Rfd2lraS9jMThmZTZmNy03MTRiLTQxMzItYmI1NC0zNTY0ODc3NWVkMGMvY1NJdzZ0a3l0OFU2UTIxZUlGQk4vJUQwJUI4JUQwJUI3JUQwJUJFJUQwJUIxJUQxJTgwJUQwJUIwJUQwJUI2JUQwJUI1JUQwJUJEJUQwJUI4JUQwJUI1X2Q2NTk2NWQzLTFkNDUtNDYyOC05ZTkxLWJlOGUxYzc1ODBhMy5wbmc.webp\" sizes=\"100vw\" srcset=\"https:\/\/img.perfectwiki.xyz\/insecure\/resize:fit:400\/aHR0cHM6Ly9zdG9yYWdlLmdvb2dsZWFwaXMuY29tL3BlcmZlY3Rfd2lraS9jMThmZTZmNy03MTRiLTQxMzItYmI1NC0zNTY0ODc3NWVkMGMvY1NJdzZ0a3l0OFU2UTIxZUlGQk4vJUQwJUI4JUQwJUI3JUQwJUJFJUQwJUIxJUQxJTgwJUQwJUIwJUQwJUI2JUQwJUI1JUQwJUJEJUQwJUI4JUQwJUI1X2Q2NTk2NWQzLTFkNDUtNDYyOC05ZTkxLWJlOGUxYzc1ODBhMy5wbmc.webp 400w, https:\/\/img.perfectwiki.xyz\/insecure\/resize:fit:800\/aHR0cHM6Ly9zdG9yYWdlLmdvb2dsZWFwaXMuY29tL3BlcmZlY3Rfd2lraS9jMThmZTZmNy03MTRiLTQxMzItYmI1NC0zNTY0ODc3NWVkMGMvY1NJdzZ0a3l0OFU2UTIxZUlGQk4vJUQwJUI4JUQwJUI3JUQwJUJFJUQwJUIxJUQxJTgwJUQwJUIwJUQwJUI2JUQwJUI1JUQwJUJEJUQwJUI4JUQwJUI1X2Q2NTk2NWQzLTFkNDUtNDYyOC05ZTkxLWJlOGUxYzc1ODBhMy5wbmc.webp 800w, https:\/\/img.perfectwiki.xyz\/insecure\/resize:fit:1200\/aHR0cHM6Ly9zdG9yYWdlLmdvb2dsZWFwaXMuY29tL3BlcmZlY3Rfd2lraS9jMThmZTZmNy03MTRiLTQxMzItYmI1NC0zNTY0ODc3NWVkMGMvY1NJdzZ0a3l0OFU2UTIxZUlGQk4vJUQwJUI4JUQwJUI3JUQwJUJFJUQwJUIxJUQxJTgwJUQwJUIwJUQwJUI2JUQwJUI1JUQwJUJEJUQwJUI4JUQwJUI1X2Q2NTk2NWQzLTFkNDUtNDYyOC05ZTkxLWJlOGUxYzc1ODBhMy5wbmc.webp 1200w, https:\/\/img.perfectwiki.xyz\/insecure\/aHR0cHM6Ly9zdG9yYWdlLmdvb2dsZWFwaXMuY29tL3BlcmZlY3Rfd2lraS9jMThmZTZmNy03MTRiLTQxMzItYmI1NC0zNTY0ODc3NWVkMGMvY1NJdzZ0a3l0OFU2UTIxZUlGQk4vJUQwJUI4JUQwJUI3JUQwJUJFJUQwJUIxJUQxJTgwJUQwJUIwJUQwJUI2JUQwJUI1JUQwJUJEJUQwJUI4JUQwJUI1X2Q2NTk2NWQzLTFkNDUtNDYyOC05ZTkxLWJlOGUxYzc1ODBhMy5wbmc.webp 1400w\" alt=\"produits \/ 1 Kiosques libre-service \u2705  \" width=\"428\" height=\"426\"><\/figure><h3 id=\"Quick.-Efficient.-User-Friendly.-2\"><strong>Rapide. Efficace. Convivial.  <\/strong><\/h3><p>Rapides, efficaces et incroyablement conviviaux, nos kiosques permettent \u00e0 vos clients de passer leurs commandes \u00e0 leur convenance, r\u00e9duisant ainsi les temps d&rsquo;attente et augmentant la satisfaction. Plongez dans l&rsquo;avenir de la restauration, o\u00f9 la technologie rencontre le go\u00fbt. Am\u00e9liorez l&rsquo;efficacit\u00e9 de votre restaurant et voyez votre entreprise se d\u00e9velopper gr\u00e2ce \u00e0 <strong>r_keeper<\/strong>. Contactez-nous d\u00e8s aujourd&rsquo;hui pour transformer votre service !   <\/p><ul><li>\u00ab R\u00e9duire les temps d&rsquo;attente \u00bb<\/li><li>\u00ab Am\u00e9liorer la satisfaction client \u00bb<\/li><li>\u00ab Augmenter la pr\u00e9cision des commandes \u00bb<\/li><li>\u00ab Stimuler les ventes avec la vente incitative et crois\u00e9e \u00bb<\/li><\/ul><h2 id=\"How-R-Keeper-Kiosks-Work-1\"><strong>Comment fonctionnent les bornes r-keeper<\/strong><\/h2><ul><li>\u00ab Installation facile \u00bb<\/li><li>\u00ab Commande fluide \u00bb<\/li><li>\u00ab Traitement instantan\u00e9 des paiements \u00bb<\/li><li>\u00ab Ex\u00e9cution rapide des commandes \u00bb<\/li><\/ul><h2><strong>Avantages des bornes r-keeper<\/strong><\/h2><p><strong style=\"letter-spacing: 0px; word-spacing: 0em; background-color: transparent;\">\u00ab\u00a0Streamline Your Operations\u00a0\u00bb (Rationalisez vos op\u00e9rations) <\/strong><span style=\"letter-spacing: 0px; word-spacing: 0em; background-color: transparent;\">vise \u00e0 r\u00e9volutionner la mani\u00e8re dont les restaurants rapides g\u00e8rent leurs flux de travail quotidiens et leurs interactions avec les clients. <\/span><span style=\"letter-spacing: 0px; word-spacing: 0em; background-color: transparent;\">Cette approche s&rsquo;appuie sur une technologie avanc\u00e9e pour rendre votre restaurant plus efficace, en r\u00e9duisant le temps et les efforts consacr\u00e9s aux t\u00e2ches routini\u00e8res.<\/span><\/p><p><strong style=\"background-color: transparent; letter-spacing: 0px; word-spacing: 0em;\">Processus de commande plus rapide :<\/strong><span style=\"background-color: transparent; letter-spacing: 0px; word-spacing: 0em;\"> Les clients peuvent rapidement passer leurs commandes gr\u00e2ce \u00e0 des interfaces tactiles intuitives, ce qui r\u00e9duit les temps d&rsquo;attente et la pression sur votre personnel pendant les heures de pointe.<\/span><\/p><p><strong style=\"background-color: transparent; letter-spacing: 0px; word-spacing: 0em;\">Am\u00e9lioration de la pr\u00e9cision des commandes :<\/strong><span style=\"background-color: transparent; letter-spacing: 0px; word-spacing: 0em;\">  Avec les kiosques en libre-service, les clients ont la possibilit\u00e9 de personnaliser leurs commandes exactement comme ils le souhaitent, ce qui r\u00e9duit consid\u00e9rablement les risques d&rsquo;erreurs qui peuvent survenir avec les m\u00e9thodes de commande traditionnelles. Cette pr\u00e9cision garantit que les clients re\u00e7oivent exactement ce qu&rsquo;ils ont command\u00e9, ce qui accro\u00eet leur satisfaction et r\u00e9duit le gaspillage. <\/span><\/p><p><strong style=\"background-color: transparent; letter-spacing: 0px; word-spacing: 0em;\">Affectation efficace du personnel :<\/strong><span style=\"background-color: transparent; letter-spacing: 0px; word-spacing: 0em;\">  En automatisant le processus de prise de commande, votre personnel peut \u00eatre r\u00e9affect\u00e9 \u00e0 d&rsquo;autres t\u00e2ches essentielles telles que la pr\u00e9paration des repas et le service \u00e0 la client\u00e8le. Cette allocation optimis\u00e9e des ressources humaines garantit le bon d\u00e9roulement des op\u00e9rations, am\u00e9liorant ainsi l&rsquo;efficacit\u00e9 globale de votre restaurant. <\/span><\/p><p><img decoding=\"async\" class=\"alignleft\" style=\"margin: 8px 8px 0px;\" src=\"https:\/\/img.perfectwiki.xyz\/insecure\/resize:fit:400\/aHR0cHM6Ly9zdG9yYWdlLmdvb2dsZWFwaXMuY29tL3BlcmZlY3Rfd2lraS9jMThmZTZmNy03MTRiLTQxMzItYmI1NC0zNTY0ODc3NWVkMGMvY1NJdzZ0a3l0OFU2UTIxZUlGQk4vJUQwJUI4JUQwJUI3JUQwJUJFJUQwJUIxJUQxJTgwJUQwJUIwJUQwJUI2JUQwJUI1JUQwJUJEJUQwJUI4JUQwJUI1XzI4MzhjZjMwLTdiYTAtNDI4OC04NWE5LWUyYTNjZjM0M2EzMi5wbmc.webp\" sizes=\"100vw\" srcset=\"https:\/\/img.perfectwiki.xyz\/insecure\/resize:fit:400\/aHR0cHM6Ly9zdG9yYWdlLmdvb2dsZWFwaXMuY29tL3BlcmZlY3Rfd2lraS9jMThmZTZmNy03MTRiLTQxMzItYmI1NC0zNTY0ODc3NWVkMGMvY1NJdzZ0a3l0OFU2UTIxZUlGQk4vJUQwJUI4JUQwJUI3JUQwJUJFJUQwJUIxJUQxJTgwJUQwJUIwJUQwJUI2JUQwJUI1JUQwJUJEJUQwJUI4JUQwJUI1XzI4MzhjZjMwLTdiYTAtNDI4OC04NWE5LWUyYTNjZjM0M2EzMi5wbmc.webp 400w, https:\/\/img.perfectwiki.xyz\/insecure\/resize:fit:800\/aHR0cHM6Ly9zdG9yYWdlLmdvb2dsZWFwaXMuY29tL3BlcmZlY3Rfd2lraS9jMThmZTZmNy03MTRiLTQxMzItYmI1NC0zNTY0ODc3NWVkMGMvY1NJdzZ0a3l0OFU2UTIxZUlGQk4vJUQwJUI4JUQwJUI3JUQwJUJFJUQwJUIxJUQxJTgwJUQwJUIwJUQwJUI2JUQwJUI1JUQwJUJEJUQwJUI4JUQwJUI1XzI4MzhjZjMwLTdiYTAtNDI4OC04NWE5LWUyYTNjZjM0M2EzMi5wbmc.webp 800w, https:\/\/img.perfectwiki.xyz\/insecure\/resize:fit:1200\/aHR0cHM6Ly9zdG9yYWdlLmdvb2dsZWFwaXMuY29tL3BlcmZlY3Rfd2lraS9jMThmZTZmNy03MTRiLTQxMzItYmI1NC0zNTY0ODc3NWVkMGMvY1NJdzZ0a3l0OFU2UTIxZUlGQk4vJUQwJUI4JUQwJUI3JUQwJUJFJUQwJUIxJUQxJTgwJUQwJUIwJUQwJUI2JUQwJUI1JUQwJUJEJUQwJUI4JUQwJUI1XzI4MzhjZjMwLTdiYTAtNDI4OC04NWE5LWUyYTNjZjM0M2EzMi5wbmc.webp 1200w, https:\/\/img.perfectwiki.xyz\/insecure\/aHR0cHM6Ly9zdG9yYWdlLmdvb2dsZWFwaXMuY29tL3BlcmZlY3Rfd2lraS9jMThmZTZmNy03MTRiLTQxMzItYmI1NC0zNTY0ODc3NWVkMGMvY1NJdzZ0a3l0OFU2UTIxZUlGQk4vJUQwJUI4JUQwJUI3JUQwJUJFJUQwJUIxJUQxJTgwJUQwJUIwJUQwJUI2JUQwJUI1JUQwJUJEJUQwJUI4JUQwJUI1XzI4MzhjZjMwLTdiYTAtNDI4OC04NWE5LWUyYTNjZjM0M2EzMi5wbmc.webp 1400w\" alt=\"produits \/ 1 Kiosques libre-service \u2705  \" width=\"485\" height=\"324\"><\/p><p><strong style=\"background-color: transparent; letter-spacing: 0px; word-spacing: 0em;\">Des informations fond\u00e9es sur des donn\u00e9es :<\/strong><span style=\"background-color: transparent; letter-spacing: 0px; word-spacing: 0em;\">  Les kiosques R-Keeper recueillent des donn\u00e9es pr\u00e9cieuses sur les pr\u00e9f\u00e9rences des clients et leurs habitudes de commande. Ces informations peuvent \u00eatre analys\u00e9es pour prendre des d\u00e9cisions \u00e9clair\u00e9es sur l&rsquo;adaptation des menus, les strat\u00e9gies promotionnelles et la dotation en personnel aux heures de pointe, ce qui permet de rationaliser les op\u00e9rations et d&rsquo;adapter l&rsquo;exp\u00e9rience gastronomique aux go\u00fbts de vos clients. <\/span><\/p><p><strong style=\"background-color: transparent; letter-spacing: 0px; word-spacing: 0em;\">\u00ab\u00a0Donnez du pouvoir \u00e0 vos clients  <\/strong><span style=\"background-color: transparent; letter-spacing: 0px; word-spacing: 0em;\">permet aux clients de contr\u00f4ler leur exp\u00e9rience gastronomique dans votre restaurant rapide. Ces kiosques offrent un processus de commande intuitif et interactif, permettant aux clients de parcourir le menu \u00e0 leur rythme, de personnaliser leurs commandes en fonction de leurs pr\u00e9f\u00e9rences exactes, et m\u00eame d&rsquo;explorer les nouveaux articles ou les promotions. Cette approche autonome permet non seulement d&rsquo;am\u00e9liorer la satisfaction des clients en leur offrant choix et flexibilit\u00e9, mais aussi de les faire participer \u00e0 une exp\u00e9rience gastronomique moderne et technicis\u00e9e. En donnant ainsi \u00e0 vos clients les moyens d&rsquo;agir, vous pouvez augmenter la valeur de leurs commandes gr\u00e2ce \u00e0 des possibilit\u00e9s de vente incitative et \u00e0 un service plus personnalis\u00e9, ce qui contribue \u00e0 les fid\u00e9liser et \u00e0 les inciter \u00e0 revenir sur le march\u00e9.   <\/span><\/p><p><strong style=\"background-color: transparent; letter-spacing: 0px; word-spacing: 0em;\">\u00ab\u00a0Am\u00e9liorez vos r\u00e9sultats  <\/strong><span style=\"background-color: transparent; letter-spacing: 0px; word-spacing: 0em;\">La technologie peut avoir un impact direct sur la rentabilit\u00e9 de votre \u00e9tablissement de restauration rapide. Voici comment l&rsquo;int\u00e9gration de ces kiosques peut favoriser la croissance du chiffre d&rsquo;affaires : <\/span><\/p><p><strong style=\"background-color: transparent; letter-spacing: 0px; word-spacing: 0em;\">Vente incitative et vente crois\u00e9e :<\/strong><span style=\"background-color: transparent; letter-spacing: 0px; word-spacing: 0em;\">  Les kiosques peuvent sugg\u00e9rer automatiquement des suppl\u00e9ments ou des am\u00e9liorations au moment de la commande, encourageant ainsi les clients \u00e0 faire des achats suppl\u00e9mentaires. Par exemple, sugg\u00e9rer une boisson avec un hamburger ou proposer un accompagnement \u00e0 un prix r\u00e9duit lorsqu&rsquo;il est achet\u00e9 avec un repas principal. Cela permet non seulement d&rsquo;augmenter la valeur moyenne de la commande, mais aussi d&rsquo;\u00e9viter l&rsquo;impression d&rsquo;insistance d&rsquo;un vendeur humain.  <\/span><\/p><p><strong style=\"background-color: transparent; letter-spacing: 0px; word-spacing: 0em;\">R\u00e9duction des co\u00fbts de main-d&rsquo;\u0153uvre :<\/strong><span style=\"background-color: transparent; letter-spacing: 0px; word-spacing: 0em;\">  En automatisant le processus de commande, vous pouvez r\u00e9affecter le personnel \u00e0 des secteurs d&rsquo;activit\u00e9 plus critiques ou r\u00e9duire le nombre d&#8217;employ\u00e9s requis pendant les p\u00e9riodes moins charg\u00e9es. Cette optimisation peut conduire \u00e0 des \u00e9conomies significatives en termes de co\u00fbts de main-d&rsquo;\u0153uvre, l&rsquo;une des d\u00e9penses les plus importantes dans le secteur de la restauration. <\/span><\/p><p><strong>Augmentation du d\u00e9bit :<\/strong> Les kiosques en libre-service peuvent traiter plusieurs commandes simultan\u00e9ment et fonctionner en continu, ce qui permet d&rsquo;augmenter le nombre de clients, en particulier aux heures de pointe. Cette efficacit\u00e9 signifie que davantage de ventes peuvent \u00eatre trait\u00e9es dans un laps de temps plus court, ce qui augmente directement le potentiel de revenus. <\/p>\t\t\t\t\t\t\t\t<\/div>\n\t\t\t\t<\/div>\n\t\t\t\t<div class=\"elementor-element elementor-element-4800aad5 elementor-align-center elementor-mobile-align-center elementor-widget elementor-widget-button\" data-id=\"4800aad5\" data-element_type=\"widget\" data-e-type=\"widget\" data-widget_type=\"button.default\">\n\t\t\t\t<div class=\"elementor-widget-container\">\n\t\t\t\t\t\t\t\t\t<div class=\"elementor-button-wrapper\">\n\t\t\t\t\t<a class=\"elementor-button elementor-button-link elementor-size-sm\" href=\"http:\/\/ucsrkeeper.fr\/?page_id=256\">\n\t\t\t\t\t\t<span class=\"elementor-button-content-wrapper\">\n\t\t\t\t\t\t\t\t\t<span class=\"elementor-button-text\">Nous contacter<\/span>\n\t\t\t\t\t<\/span>\n\t\t\t\t\t<\/a>\n\t\t\t\t<\/div>\n\t\t\t\t\t\t\t\t<\/div>\n\t\t\t\t<\/div>\n\t\t\t\t\t<\/div>\n\t\t\t\t<\/div>\n\t\t\t\t<\/div>\n\t\t","protected":false},"excerpt":{"rendered":"<p>Bornes libre-service Optimisez votre exp\u00e9rience de restauration rapide avec les bornes r_keeper Rapide. Efficace. Convivial. Rapides, efficaces et incroyablement conviviaux, nos kiosques permettent \u00e0 vos clients de passer leurs commandes \u00e0 leur convenance, r\u00e9duisant ainsi les temps d&rsquo;attente et augmentant la satisfaction. Plongez dans l&rsquo;avenir de la restauration, o\u00f9 la technologie rencontre le go\u00fbt. Am\u00e9liorez [&hellip;]<\/p>\n","protected":false},"author":1,"featured_media":0,"parent":0,"menu_order":0,"comment_status":"closed","ping_status":"closed","template":"elementor_header_footer","meta":{"footnotes":""},"class_list":["post-2054","page","type-page","status-publish","hentry"],"_links":{"self":[{"href":"https:\/\/ucsrkeeper.fr\/index.php?rest_route=\/wp\/v2\/pages\/2054","targetHints":{"allow":["GET"]}}],"collection":[{"href":"https:\/\/ucsrkeeper.fr\/index.php?rest_route=\/wp\/v2\/pages"}],"about":[{"href":"https:\/\/ucsrkeeper.fr\/index.php?rest_route=\/wp\/v2\/types\/page"}],"author":[{"embeddable":true,"href":"https:\/\/ucsrkeeper.fr\/index.php?rest_route=\/wp\/v2\/users\/1"}],"replies":[{"embeddable":true,"href":"https:\/\/ucsrkeeper.fr\/index.php?rest_route=%2Fwp%2Fv2%2Fcomments&post=2054"}],"version-history":[{"count":4,"href":"https:\/\/ucsrkeeper.fr\/index.php?rest_route=\/wp\/v2\/pages\/2054\/revisions"}],"predecessor-version":[{"id":3704,"href":"https:\/\/ucsrkeeper.fr\/index.php?rest_route=\/wp\/v2\/pages\/2054\/revisions\/3704"}],"wp:attachment":[{"href":"https:\/\/ucsrkeeper.fr\/index.php?rest_route=%2Fwp%2Fv2%2Fmedia&parent=2054"}],"curies":[{"name":"wp","href":"https:\/\/api.w.org\/{rel}","templated":true}]}}